{"id":37,"date":"2024-06-11T14:33:08","date_gmt":"2024-06-11T14:33:08","guid":{"rendered":"https:\/\/tril.cl\/?page_id=37"},"modified":"2024-06-11T20:39:28","modified_gmt":"2024-06-11T20:39:28","slug":"servicios","status":"publish","type":"page","link":"https:\/\/tril.cl\/index.php\/servicios\/","title":{"rendered":"Servicios"},"content":{"rendered":"\t\t<div data-elementor-type=\"wp-page\" data-elementor-id=\"37\" class=\"elementor elementor-37\">\n\t\t\t\t<div class=\"elementor-element elementor-element-afedd54 e-flex e-con-boxed e-con e-parent\" data-id=\"afedd54\" data-element_type=\"container\">\n\t\t\t\t\t<div class=\"e-con-inner\">\n\t\t\t\t\t<\/div>\n\t\t\t\t<\/div>\n\t\t<div class=\"elementor-element elementor-element-b58cc65 e-flex e-con-boxed e-con e-parent\" data-id=\"b58cc65\" data-element_type=\"container\">\n\t\t\t\t\t<div class=\"e-con-inner\">\n\t\t\t\t<div class=\"elementor-element elementor-element-02c1758 elementor-widget elementor-widget-spacer\" data-id=\"02c1758\" data-element_type=\"widget\" data-widget_type=\"spacer.default\">\n\t\t\t\t<div class=\"elementor-widget-container\">\n\t\t\t\t\t<div class=\"elementor-spacer\">\n\t\t\t<div class=\"elementor-spacer-inner\"><\/div>\n\t\t<\/div>\n\t\t\t\t<\/div>\n\t\t\t\t<\/div>\n\t\t\t\t\t<\/div>\n\t\t\t\t<\/div>\n\t\t<div class=\"elementor-element elementor-element-2db0f39 e-flex e-con-boxed e-con e-parent\" data-id=\"2db0f39\" data-element_type=\"container\">\n\t\t\t\t\t<div class=\"e-con-inner\">\n\t\t\t\t<div class=\"elementor-element elementor-element-73eb996 elementor-widget elementor-widget-heading\" data-id=\"73eb996\" data-element_type=\"widget\" data-widget_type=\"heading.default\">\n\t\t\t\t<div class=\"elementor-widget-container\">\n\t\t\t<h2 class=\"elementor-heading-title elementor-size-default\">TRANSPORTE DE PERSONAL<\/h2>\t\t<\/div>\n\t\t\t\t<\/div>\n\t\t\t\t\t<\/div>\n\t\t\t\t<\/div>\n\t\t<div class=\"elementor-element elementor-element-1e9c3cf e-flex e-con-boxed e-con e-parent\" data-id=\"1e9c3cf\" data-element_type=\"container\">\n\t\t\t\t\t<div class=\"e-con-inner\">\n\t\t\t\t<div class=\"elementor-element elementor-element-eb753f7 elementor-widget elementor-widget-text-editor\" data-id=\"eb753f7\" data-element_type=\"widget\" data-widget_type=\"text-editor.default\">\n\t\t\t\t<div class=\"elementor-widget-container\">\n\t\t\t\t\t\t\t<p>Con m\u00e1s de 12.000 servicios anuales de traslado de personal, m\u00e1s de 32.000 operadores movilizados, y clientes en el \u00e1rea de Log\u00edstica, Retail, Centros Productivos, etc\u00e9tera, garantizamos eficiencia, puntualidad y fluidez, adem\u00e1s de control y seguimiento 24\/7 de los servicios y rutas, sin comprometer jam\u00e1s las actividades de la empresa.<\/p>\t\t\t\t\t\t<\/div>\n\t\t\t\t<\/div>\n\t\t\t\t\t<\/div>\n\t\t\t\t<\/div>\n\t\t<div class=\"elementor-element elementor-element-0eb665c e-flex e-con-boxed e-con e-parent\" data-id=\"0eb665c\" data-element_type=\"container\">\n\t\t\t\t\t<div class=\"e-con-inner\">\n\t\t\t\t<div class=\"elementor-element elementor-element-0830ced elementor-widget elementor-widget-image\" data-id=\"0830ced\" data-element_type=\"widget\" data-widget_type=\"image.default\">\n\t\t\t\t<div class=\"elementor-widget-container\">\n\t\t\t\t\t\t\t\t\t\t\t\t\t<img fetchpriority=\"high\" decoding=\"async\" width=\"300\" height=\"300\" src=\"https:\/\/tril.cl\/wp-content\/uploads\/2024\/06\/persona-300x300.png\" class=\"attachment-medium size-medium wp-image-93\" alt=\"\" srcset=\"https:\/\/tril.cl\/wp-content\/uploads\/2024\/06\/persona-300x300.png 300w, https:\/\/tril.cl\/wp-content\/uploads\/2024\/06\/persona-1024x1024.png 1024w, https:\/\/tril.cl\/wp-content\/uploads\/2024\/06\/persona-150x150.png 150w, https:\/\/tril.cl\/wp-content\/uploads\/2024\/06\/persona-768x768.png 768w, https:\/\/tril.cl\/wp-content\/uploads\/2024\/06\/persona.png 1080w\" sizes=\"(max-width: 300px) 100vw, 300px\" \/>\t\t\t\t\t\t\t\t\t\t\t\t\t<\/div>\n\t\t\t\t<\/div>\n\t\t\t\t\t<\/div>\n\t\t\t\t<\/div>\n\t\t<div class=\"elementor-element elementor-element-024f518 e-flex e-con-boxed e-con e-parent\" data-id=\"024f518\" data-element_type=\"container\">\n\t\t\t\t\t<div class=\"e-con-inner\">\n\t\t\t\t<div class=\"elementor-element elementor-element-504e3cf elementor-widget elementor-widget-spacer\" data-id=\"504e3cf\" data-element_type=\"widget\" data-widget_type=\"spacer.default\">\n\t\t\t\t<div class=\"elementor-widget-container\">\n\t\t\t\t\t<div class=\"elementor-spacer\">\n\t\t\t<div class=\"elementor-spacer-inner\"><\/div>\n\t\t<\/div>\n\t\t\t\t<\/div>\n\t\t\t\t<\/div>\n\t\t\t\t\t<\/div>\n\t\t\t\t<\/div>\n\t\t<div class=\"elementor-element elementor-element-8757e7a e-flex e-con-boxed e-con e-parent\" data-id=\"8757e7a\" data-element_type=\"container\" data-settings=\"{&quot;background_background&quot;:&quot;classic&quot;}\">\n\t\t\t\t\t<div class=\"e-con-inner\">\n\t\t\t\t<div class=\"elementor-element elementor-element-c276c82 elementor-widget elementor-widget-heading\" data-id=\"c276c82\" data-element_type=\"widget\" data-widget_type=\"heading.default\">\n\t\t\t\t<div class=\"elementor-widget-container\">\n\t\t\t<h2 class=\"elementor-heading-title elementor-size-default\">TRASLADO DE ESTUDIANTES<\/h2>\t\t<\/div>\n\t\t\t\t<\/div>\n\t\t\t\t\t<\/div>\n\t\t\t\t<\/div>\n\t\t<div class=\"elementor-element elementor-element-f8a8516 e-flex e-con-boxed e-con e-parent\" data-id=\"f8a8516\" data-element_type=\"container\" data-settings=\"{&quot;background_background&quot;:&quot;classic&quot;}\">\n\t\t\t\t\t<div class=\"e-con-inner\">\n\t\t\t\t<div class=\"elementor-element elementor-element-e2920e0 elementor-widget elementor-widget-text-editor\" data-id=\"e2920e0\" data-element_type=\"widget\" data-widget_type=\"text-editor.default\">\n\t\t\t\t<div class=\"elementor-widget-container\">\n\t\t\t\t\t\t\t<p>Con veh\u00edculos de \u00faltima generaci\u00f3n y registros de acuerdo a la norma del Ministerio de Educaci\u00f3n, proveemos servicios transporte, giras de estudio, paseos, etc\u00e9tera, a todo establecimiento educacional, con altos est\u00e1ndares de excelencia y personal apto psicol\u00f3gicamente para el trato con ni\u00f1os y adolescentes.<\/p>\t\t\t\t\t\t<\/div>\n\t\t\t\t<\/div>\n\t\t\t\t\t<\/div>\n\t\t\t\t<\/div>\n\t\t<div class=\"elementor-element elementor-element-e66a0d5 e-flex e-con-boxed e-con e-parent\" data-id=\"e66a0d5\" data-element_type=\"container\" data-settings=\"{&quot;background_background&quot;:&quot;classic&quot;}\">\n\t\t\t\t\t<div class=\"e-con-inner\">\n\t\t\t\t<div class=\"elementor-element elementor-element-449898b elementor-widget elementor-widget-image\" data-id=\"449898b\" data-element_type=\"widget\" data-widget_type=\"image.default\">\n\t\t\t\t<div class=\"elementor-widget-container\">\n\t\t\t\t\t\t\t\t\t\t\t\t\t<img decoding=\"async\" width=\"300\" height=\"300\" src=\"https:\/\/tril.cl\/wp-content\/uploads\/2024\/06\/estudiantes-1-300x300.png\" class=\"attachment-medium size-medium wp-image-101\" alt=\"\" srcset=\"https:\/\/tril.cl\/wp-content\/uploads\/2024\/06\/estudiantes-1-300x300.png 300w, https:\/\/tril.cl\/wp-content\/uploads\/2024\/06\/estudiantes-1-1024x1024.png 1024w, https:\/\/tril.cl\/wp-content\/uploads\/2024\/06\/estudiantes-1-150x150.png 150w, https:\/\/tril.cl\/wp-content\/uploads\/2024\/06\/estudiantes-1-768x768.png 768w, https:\/\/tril.cl\/wp-content\/uploads\/2024\/06\/estudiantes-1.png 1080w\" sizes=\"(max-width: 300px) 100vw, 300px\" \/>\t\t\t\t\t\t\t\t\t\t\t\t\t<\/div>\n\t\t\t\t<\/div>\n\t\t\t\t\t<\/div>\n\t\t\t\t<\/div>\n\t\t<div class=\"elementor-element elementor-element-266f7ef e-flex e-con-boxed e-con e-parent\" data-id=\"266f7ef\" data-element_type=\"container\" data-settings=\"{&quot;background_background&quot;:&quot;classic&quot;}\">\n\t\t\t\t\t<div class=\"e-con-inner\">\n\t\t\t\t<div class=\"elementor-element elementor-element-0f60e50 elementor-widget elementor-widget-spacer\" data-id=\"0f60e50\" data-element_type=\"widget\" data-widget_type=\"spacer.default\">\n\t\t\t\t<div class=\"elementor-widget-container\">\n\t\t\t\t\t<div class=\"elementor-spacer\">\n\t\t\t<div class=\"elementor-spacer-inner\"><\/div>\n\t\t<\/div>\n\t\t\t\t<\/div>\n\t\t\t\t<\/div>\n\t\t\t\t\t<\/div>\n\t\t\t\t<\/div>\n\t\t<div class=\"elementor-element elementor-element-cad15e5 e-flex e-con-boxed e-con e-parent\" data-id=\"cad15e5\" data-element_type=\"container\">\n\t\t\t\t\t<div class=\"e-con-inner\">\n\t\t\t\t<div class=\"elementor-element elementor-element-699ba70 elementor-widget elementor-widget-heading\" data-id=\"699ba70\" data-element_type=\"widget\" data-widget_type=\"heading.default\">\n\t\t\t\t<div class=\"elementor-widget-container\">\n\t\t\t<h2 class=\"elementor-heading-title elementor-size-default\">VIAJES OCASIONALES<\/h2>\t\t<\/div>\n\t\t\t\t<\/div>\n\t\t\t\t\t<\/div>\n\t\t\t\t<\/div>\n\t\t<div class=\"elementor-element elementor-element-37b1299 e-flex e-con-boxed e-con e-parent\" data-id=\"37b1299\" data-element_type=\"container\">\n\t\t\t\t\t<div class=\"e-con-inner\">\n\t\t\t\t<div class=\"elementor-element elementor-element-a13acba elementor-widget elementor-widget-text-editor\" data-id=\"a13acba\" data-element_type=\"widget\" data-widget_type=\"text-editor.default\">\n\t\t\t\t<div class=\"elementor-widget-container\">\n\t\t\t\t\t\t\t<p>Contamos con los medios e infraestructura operacional adecuada y necesaria para realizar servicios ocasionales de traslado de personas, sean paseos familiares, eventos, servicios tur\u00edsticos dentro y fuera de Santiago. <br \/>\u00bfVacaciones de verano con la familia?<br \/>\u00bfNo quiere partir las vacaciones con el estr\u00e9s del terminal lleno?<br \/>\u00bfTe da miedo ese chofer que no durmi\u00f3 nada?<br \/>Conf\u00eda en nosotros. TRIL te ofrece el \u201cSERVICIO PUERTA A PUERTA\u201d, con choferes capacitados e id\u00f3neos, comprometidos a trasladarte a ti y familia desde tu propia casa hasta el punto de veraneo elegido, retorno y equipaje incluidos.<\/p>\t\t\t\t\t\t<\/div>\n\t\t\t\t<\/div>\n\t\t\t\t\t<\/div>\n\t\t\t\t<\/div>\n\t\t<div class=\"elementor-element elementor-element-02a283c e-flex e-con-boxed e-con e-parent\" data-id=\"02a283c\" data-element_type=\"container\">\n\t\t\t\t\t<div class=\"e-con-inner\">\n\t\t\t\t<div class=\"elementor-element elementor-element-53f02eb elementor-widget elementor-widget-image\" data-id=\"53f02eb\" data-element_type=\"widget\" data-widget_type=\"image.default\">\n\t\t\t\t<div class=\"elementor-widget-container\">\n\t\t\t\t\t\t\t\t\t\t\t\t\t<img decoding=\"async\" width=\"300\" height=\"300\" src=\"https:\/\/tril.cl\/wp-content\/uploads\/2024\/06\/ocasionales-300x300.png\" class=\"attachment-medium size-medium wp-image-94\" alt=\"\" srcset=\"https:\/\/tril.cl\/wp-content\/uploads\/2024\/06\/ocasionales-300x300.png 300w, https:\/\/tril.cl\/wp-content\/uploads\/2024\/06\/ocasionales-1024x1024.png 1024w, https:\/\/tril.cl\/wp-content\/uploads\/2024\/06\/ocasionales-150x150.png 150w, https:\/\/tril.cl\/wp-content\/uploads\/2024\/06\/ocasionales-768x768.png 768w, https:\/\/tril.cl\/wp-content\/uploads\/2024\/06\/ocasionales.png 1080w\" sizes=\"(max-width: 300px) 100vw, 300px\" \/>\t\t\t\t\t\t\t\t\t\t\t\t\t<\/div>\n\t\t\t\t<\/div>\n\t\t\t\t\t<\/div>\n\t\t\t\t<\/div>\n\t\t<div class=\"elementor-element elementor-element-11a07d0 e-flex e-con-boxed e-con e-parent\" data-id=\"11a07d0\" data-element_type=\"container\">\n\t\t\t\t\t<div class=\"e-con-inner\">\n\t\t\t\t<div class=\"elementor-element elementor-element-38f7cc4 elementor-widget elementor-widget-spacer\" data-id=\"38f7cc4\" data-element_type=\"widget\" data-widget_type=\"spacer.default\">\n\t\t\t\t<div class=\"elementor-widget-container\">\n\t\t\t\t\t<div class=\"elementor-spacer\">\n\t\t\t<div class=\"elementor-spacer-inner\"><\/div>\n\t\t<\/div>\n\t\t\t\t<\/div>\n\t\t\t\t<\/div>\n\t\t\t\t\t<\/div>\n\t\t\t\t<\/div>\n\t\t<div class=\"elementor-element elementor-element-42d770d e-flex e-con-boxed e-con e-parent\" data-id=\"42d770d\" data-element_type=\"container\" data-settings=\"{&quot;background_background&quot;:&quot;classic&quot;}\">\n\t\t\t\t\t<div class=\"e-con-inner\">\n\t\t\t\t<div class=\"elementor-element elementor-element-c585477 elementor-widget elementor-widget-heading\" data-id=\"c585477\" data-element_type=\"widget\" data-widget_type=\"heading.default\">\n\t\t\t\t<div class=\"elementor-widget-container\">\n\t\t\t<h2 class=\"elementor-heading-title elementor-size-default\">TRANSFER AEROPUERTO<\/h2>\t\t<\/div>\n\t\t\t\t<\/div>\n\t\t\t\t\t<\/div>\n\t\t\t\t<\/div>\n\t\t<div class=\"elementor-element elementor-element-0064c30 e-flex e-con-boxed e-con e-parent\" data-id=\"0064c30\" data-element_type=\"container\" data-settings=\"{&quot;background_background&quot;:&quot;classic&quot;}\">\n\t\t\t\t\t<div class=\"e-con-inner\">\n\t\t\t\t<div class=\"elementor-element elementor-element-751be02 elementor-widget elementor-widget-text-editor\" data-id=\"751be02\" data-element_type=\"widget\" data-widget_type=\"text-editor.default\">\n\t\t\t\t<div class=\"elementor-widget-container\">\n\t\t\t\t\t\t\t<p>Contamos con veh\u00edculos adecuadOs para el trasporte de pasajeros desde o hacia aeropuerto, sean con viajes exclusivos o compartidos, para asegurar que nuestros usuarios puedan abordar sus vuelos con puntualidad, y esperarlos con una sonrisa y un c\u00f3modo veh\u00edculo en su destino.<\/p>\t\t\t\t\t\t<\/div>\n\t\t\t\t<\/div>\n\t\t\t\t\t<\/div>\n\t\t\t\t<\/div>\n\t\t<div class=\"elementor-element elementor-element-47d454a e-flex e-con-boxed e-con e-parent\" data-id=\"47d454a\" data-element_type=\"container\" data-settings=\"{&quot;background_background&quot;:&quot;classic&quot;}\">\n\t\t\t\t\t<div class=\"e-con-inner\">\n\t\t\t\t<div class=\"elementor-element elementor-element-d8e5b04 elementor-widget elementor-widget-image\" data-id=\"d8e5b04\" data-element_type=\"widget\" data-widget_type=\"image.default\">\n\t\t\t\t<div class=\"elementor-widget-container\">\n\t\t\t\t\t\t\t\t\t\t\t\t\t<img loading=\"lazy\" decoding=\"async\" width=\"300\" height=\"300\" src=\"https:\/\/tril.cl\/wp-content\/uploads\/2024\/06\/transfer-300x300.png\" class=\"attachment-medium size-medium wp-image-98\" alt=\"\" srcset=\"https:\/\/tril.cl\/wp-content\/uploads\/2024\/06\/transfer-300x300.png 300w, https:\/\/tril.cl\/wp-content\/uploads\/2024\/06\/transfer-1024x1024.png 1024w, https:\/\/tril.cl\/wp-content\/uploads\/2024\/06\/transfer-150x150.png 150w, https:\/\/tril.cl\/wp-content\/uploads\/2024\/06\/transfer-768x768.png 768w, https:\/\/tril.cl\/wp-content\/uploads\/2024\/06\/transfer.png 1080w\" sizes=\"(max-width: 300px) 100vw, 300px\" \/>\t\t\t\t\t\t\t\t\t\t\t\t\t<\/div>\n\t\t\t\t<\/div>\n\t\t\t\t\t<\/div>\n\t\t\t\t<\/div>\n\t\t<div class=\"elementor-element elementor-element-9d0d08f e-flex e-con-boxed e-con e-parent\" data-id=\"9d0d08f\" data-element_type=\"container\" data-settings=\"{&quot;background_background&quot;:&quot;classic&quot;}\">\n\t\t\t\t\t<div class=\"e-con-inner\">\n\t\t\t\t<div class=\"elementor-element elementor-element-1f16992 elementor-align-center elementor-widget elementor-widget-button\" data-id=\"1f16992\" data-element_type=\"widget\" data-widget_type=\"button.default\">\n\t\t\t\t<div class=\"elementor-widget-container\">\n\t\t\t\t\t\t\t<div class=\"elementor-button-wrapper\">\n\t\t\t\t\t<a class=\"elementor-button elementor-button-link elementor-size-sm\" href=\"https:\/\/wa.link\/jjghsq\">\n\t\t\t\t\t\t<span class=\"elementor-button-content-wrapper\">\n\t\t\t\t\t\t\t\t\t<span class=\"elementor-button-text\">CONT\u00c1CTANOS<\/span>\n\t\t\t\t\t<\/span>\n\t\t\t\t\t<\/a>\n\t\t\t\t<\/div>\n\t\t\t\t\t\t<\/div>\n\t\t\t\t<\/div>\n\t\t\t\t<div class=\"elementor-element elementor-element-ddbe6e5 elementor-widget elementor-widget-spacer\" data-id=\"ddbe6e5\" data-element_type=\"widget\" data-widget_type=\"spacer.default\">\n\t\t\t\t<div class=\"elementor-widget-container\">\n\t\t\t\t\t<div class=\"elementor-spacer\">\n\t\t\t<div class=\"elementor-spacer-inner\"><\/div>\n\t\t<\/div>\n\t\t\t\t<\/div>\n\t\t\t\t<\/div>\n\t\t\t\t\t<\/div>\n\t\t\t\t<\/div>\n\t\t\t\t<\/div>\n\t\t","protected":false},"excerpt":{"rendered":"<p>TRANSPORTE DE PERSONAL Con m\u00e1s de 12.000 servicios anuales de traslado de personal, m\u00e1s de 32.000 operadores movilizados, y clientes [&hellip;]<\/p>\n","protected":false},"author":1,"featured_media":0,"parent":0,"menu_order":0,"comment_status":"closed","ping_status":"closed","template":"","meta":{"site-sidebar-layout":"no-sidebar","site-content-layout":"","ast-site-content-layout":"full-width-container","site-content-style":"default","site-sidebar-style":"default","ast-global-header-display":"","ast-banner-title-visibility":"","ast-main-header-display":"","ast-hfb-above-header-display":"","ast-hfb-below-header-display":"","ast-hfb-mobile-header-display":"","site-post-title":"disabled","ast-breadcrumbs-content":"","ast-featured-img":"disabled","footer-sml-layout":"","theme-transparent-header-meta":"","adv-header-id-meta":"","stick-header-meta":"","header-above-stick-meta":"","header-main-stick-meta":"","header-below-stick-meta":"","astra-migrate-meta-layouts":"default","ast-page-background-enabled":"default","ast-page-background-meta":{"desktop":{"background-color":"var(--ast-global-color-4)","background-image":"","background-repeat":"repeat","background-position":"center center","background-size":"auto","background-attachment":"scroll","background-type":"","background-media":"","overlay-type":"","overlay-color":"","overlay-opacity":"","overlay-gradient":""},"tablet":{"background-color":"","background-image":"","background-repeat":"repeat","background-position":"center center","background-size":"auto","background-attachment":"scroll","background-type":"","background-media":"","overlay-type":"","overlay-color":"","overlay-opacity":"","overlay-gradient":""},"mobile":{"background-color":"","background-image":"","background-repeat":"repeat","background-position":"center center","background-size":"auto","background-attachment":"scroll","background-type":"","background-media":"","overlay-type":"","overlay-color":"","overlay-opacity":"","overlay-gradient":""}},"ast-content-background-meta":{"desktop":{"background-color":"var(--ast-global-color-5)","background-image":"","background-repeat":"repeat","background-position":"center center","background-size":"auto","background-attachment":"scroll","background-type":"","background-media":"","overlay-type":"","overlay-color":"","overlay-opacity":"","overlay-gradient":""},"tablet":{"background-color":"var(--ast-global-color-5)","background-image":"","background-repeat":"repeat","background-position":"center center","background-size":"auto","background-attachment":"scroll","background-type":"","background-media":"","overlay-type":"","overlay-color":"","overlay-opacity":"","overlay-gradient":""},"mobile":{"background-color":"var(--ast-global-color-5)","background-image":"","background-repeat":"repeat","background-position":"center center","background-size":"auto","background-attachment":"scroll","background-type":"","background-media":"","overlay-type":"","overlay-color":"","overlay-opacity":"","overlay-gradient":""}},"_joinchat":[],"footnotes":""},"class_list":["post-37","page","type-page","status-publish","hentry"],"_links":{"self":[{"href":"https:\/\/tril.cl\/index.php\/wp-json\/wp\/v2\/pages\/37","targetHints":{"allow":["GET"]}}],"collection":[{"href":"https:\/\/tril.cl\/index.php\/wp-json\/wp\/v2\/pages"}],"about":[{"href":"https:\/\/tril.cl\/index.php\/wp-json\/wp\/v2\/types\/page"}],"author":[{"embeddable":true,"href":"https:\/\/tril.cl\/index.php\/wp-json\/wp\/v2\/users\/1"}],"replies":[{"embeddable":true,"href":"https:\/\/tril.cl\/index.php\/wp-json\/wp\/v2\/comments?post=37"}],"version-history":[{"count":13,"href":"https:\/\/tril.cl\/index.php\/wp-json\/wp\/v2\/pages\/37\/revisions"}],"predecessor-version":[{"id":164,"href":"https:\/\/tril.cl\/index.php\/wp-json\/wp\/v2\/pages\/37\/revisions\/164"}],"wp:attachment":[{"href":"https:\/\/tril.cl\/index.php\/wp-json\/wp\/v2\/media?parent=37"}],"curies":[{"name":"wp","href":"https:\/\/api.w.org\/{rel}","templated":true}]}}